{"id":28,"date":"2018-07-02T16:42:22","date_gmt":"2018-07-02T16:42:22","guid":{"rendered":"http:\/\/tennistavololugo.it\/wordpress\/?page_id=28"},"modified":"2025-02-10T15:30:04","modified_gmt":"2025-02-10T15:30:04","slug":"chi-siamo","status":"publish","type":"page","link":"https:\/\/tennistavololugo.it\/wordpress\/?page_id=28","title":{"rendered":"Chi siamo"},"content":{"rendered":"<p>La societ\u00e0 sportiva A.S.D. A.C.L.I. Lugo Ravenna, si distingue nel panorama pongistico\u00a0 regionale con \u00a0squadre di\u00a0 D1, D2 e D3 e serie C Femminile.<\/p>\n<p><img loading=\"lazy\" decoding=\"async\" class=\"size-full wp-image-4 alignleft\" src=\"http:\/\/tennistavololugo.it\/wordpress\/wp-content\/uploads\/2018\/06\/logo-aclilugo-nuovo.jpg\" alt=\"\" width=\"100\" height=\"66\" \/><\/p>\n<h2 style=\"text-align: center;\"><span style=\"color: #ff0000;\">Consiglio Direttivo e Dirigenti<\/span><\/h2>\n<p>Presidente :Piero Nostri<\/p>\n<p>Vice Presidente : Mazzanti Alberto<\/p>\n<p>Consigliere : Ferri Gabriele<\/p>\n<p>Consigliere : Pollino Federico<\/p>\n<p>Consigliere : Tamburini Matteo<\/p>\n<p>Consigliere : Bersanti Franco<\/p>\n<p>Consigliere : Cutr\u00ec Paolo<\/p>\n<p>Consigliere : Veggeti Alessandro<\/p>\n<p>Consigliere : Cl\u00f2 Raffaele<\/p>\n<p>Responsabile SAFEGUARDING : Federico Pollino<\/p>\n<p>Presidente ad Honorem e servizio stampa : Paolo Caroli<\/p>\n<h3><span style=\"color: #ff0000;\">Email :<\/span> <a href=\"mailto:info@tennistavololugo.it\">info@tennistavololugo.it<\/a><\/h3>\n\n\n<p><strong>Adozione Protocolli SAFEGUARDING della ASD TENNISTAVOLO ACLI LUGO:<br>Prevenzione, Controllo e Tutela dei partecipanti (iscritti e visitors) alle Attivit\u00e0 Sportive<br>da molestie , della violenza in genere e da ogni altra condizione di discriminazione.<\/strong><\/p>\n\n\n\n<p><br>In ogni Palestra della ASD TENNISTAVOLO ACLI LUGO ogni Partecipante alle Attivit\u00e0<br>Sportive (Tesserato, Iscritto o Visitor) \u00e8 tenuto a mantenere un ambiente rispettoso, equo e<br>privo di qualsiasi forma di abuso, violenza e discriminazione.<br>Diritto fondamentale di ogni Partecipante \u00e8 quello di essere trattato con rispetto e dignit\u00e0,<br>e di essere tutelato e protetto da ogni forma di discriminazione, abuso, molestia e violenza<br>di genere indipendentemente da etnia, convinzioni personali, disabilit\u00e0, et\u00e0, identit\u00e0 di<br>genere, orientamento sessuale, lingua, opinione politica, religione, condizione patrimoniale,<br>di nascita, fisica, intellettiva, relazionale o sportiva.<br>Il diritto alla salute e al benessere psico-fisico di ciascun Tesserato costituisce un valore<br>assolutamente prevalente anche rispetto al risultato sportivo.<br>Sono altres\u00ec vietate tutti i comportamento configurabili come: abuso psicologico, abuso<br>fisico, molestia sessuale, abuso sessuale, negligenza, incuria, abuso di matrice religiosa,<br>bullismo o cyberbullismo o comportamenti discriminatori, come descritti nelle Linee Guida<br>emanate con Delibera del Presidente Nazionale FITeT n. 151\/2023 del 25 agosto 2023 in<br>esecuzione della Delibera Consiliare 178\/2023 ed in attuazione della Delibera della Giunta<br>Nazionale del CONI n 255 del 23 luglio 2023.<br>Elenco Documenti:<br>Codice Etico e di Condotta SAFEGUARDING , A.C.L.I. Lugo Tennistavolo ASD<br><a href=\"https:\/\/tennistavololugo.it\/wordpress\/wp-content\/uploads\/2025\/01\/codice-condotta-tt-acli-lugo.pdf\">Scarica Documento<\/a><br>Modello Organizzativo e di Controllo SAFEGUARDING A.C.L.I. Lugo Tennistavolo ASD<br><a href=\"https:\/\/tennistavololugo.it\/wordpress\/wp-content\/uploads\/2025\/01\/modello-organizzativo-tt-acli-lugo.pdf\" data-type=\"attachment\" data-id=\"1500\">Scarica Documento<\/a><br>Nomina del Responsabile del SAFEGUARDING A.C.L.I. Lugo Tennistavolo ASD<br><a href=\"https:\/\/tennistavololugo.it\/wordpress\/wp-content\/uploads\/2025\/01\/nomina-safeguarding-tt-lugo.pdf\" data-type=\"attachment\" data-id=\"1504\">Scarica Documento<\/a><\/p>\n\n\n\n<p><\/p>\n","protected":false},"excerpt":{"rendered":"<p>La societ\u00e0 sportiva A.S.D. A.C.L.I. Lugo Ravenna, si distingue nel panorama pongistico\u00a0 regionale con \u00a0squadre di\u00a0 D1, D2 e D3 e serie C Femminile. Consiglio Direttivo e Dirigenti Presidente :Piero Nostri Vice Presidente : Mazzanti Alberto Consigliere : Ferri Gabriele Consigliere : Pollino Federico Consigliere : Tamburini Matteo Consigliere : Bersanti Franco Consigliere : Cutr\u00ec [&hellip;]<\/p>\n","protected":false},"author":1,"featured_media":0,"parent":0,"menu_order":0,"comment_status":"closed","ping_status":"closed","template":"","meta":{"footnotes":""},"class_list":["post-28","page","type-page","status-publish","czr-hentry"],"_links":{"self":[{"href":"https:\/\/tennistavololugo.it\/wordpress\/index.php?rest_route=\/wp\/v2\/pages\/28","targetHints":{"allow":["GET"]}}],"collection":[{"href":"https:\/\/tennistavololugo.it\/wordpress\/index.php?rest_route=\/wp\/v2\/pages"}],"about":[{"href":"https:\/\/tennistavololugo.it\/wordpress\/index.php?rest_route=\/wp\/v2\/types\/page"}],"author":[{"embeddable":true,"href":"https:\/\/tennistavololugo.it\/wordpress\/index.php?rest_route=\/wp\/v2\/users\/1"}],"replies":[{"embeddable":true,"href":"https:\/\/tennistavololugo.it\/wordpress\/index.php?rest_route=%2Fwp%2Fv2%2Fcomments&post=28"}],"version-history":[{"count":13,"href":"https:\/\/tennistavololugo.it\/wordpress\/index.php?rest_route=\/wp\/v2\/pages\/28\/revisions"}],"predecessor-version":[{"id":1545,"href":"https:\/\/tennistavololugo.it\/wordpress\/index.php?rest_route=\/wp\/v2\/pages\/28\/revisions\/1545"}],"wp:attachment":[{"href":"https:\/\/tennistavololugo.it\/wordpress\/index.php?rest_route=%2Fwp%2Fv2%2Fmedia&parent=28"}],"curies":[{"name":"wp","href":"https:\/\/api.w.org\/{rel}","templated":true}]}}